{"id":774,"date":"2024-01-27T22:00:44","date_gmt":"2024-01-27T22:00:44","guid":{"rendered":"https:\/\/familienkl.dk\/?post_type=product&#038;p=774"},"modified":"2024-01-27T22:02:46","modified_gmt":"2024-01-27T22:02:46","slug":"bordnummer-graffiti","status":"publish","type":"product","link":"https:\/\/familienkl.dk\/index.php\/vare\/bordnummer-graffiti\/","title":{"rendered":"Bordnummer &#8211; Graffiti"},"content":{"rendered":"<p>Bordnummer med et graveret graffiti nr p\u00e5 murstensmur. Nummeret er graveret p\u00e5 begge sider.<\/p>\n<p>Bordnummeret er udsk\u00e5ret i 3 mm birkefinner og har en h\u00f8jde p\u00e5 15 cm.<\/p>\n<p>N\u00e5r du bestiller v\u00e6lger du blot det antal du skal have s\u00e5 laver vi de numre der skal til for at n\u00e5 det bestilte antal. Bestiller du f.eks. 8 stk modtager du numrene fra 1 til 8. Hvis du \u00f8nsker at fordele numrene p\u00e5 en anden m\u00e5de s\u00e5 kontakt os p\u00e5 info@familienkl.dk<\/p>\n","protected":false},"excerpt":{"rendered":"<p>Bordnummer med et graveret graffiti nr p\u00e5 murstensmur. Nummeret er graveret p\u00e5 begge sider. Bordnummeret er udsk\u00e5ret i 3 mm birkefinner og har en h\u00f8jde p\u00e5 15 cm. N\u00e5r du bestiller v\u00e6lger du blot det antal du skal have s\u00e5 laver vi de numre der skal til for at n\u00e5 det bestilte antal. Bestiller du [&hellip;]<\/p>\n","protected":false},"featured_media":770,"template":"","meta":{"om_disable_all_campaigns":false,"_monsterinsights_skip_tracking":false,"_monsterinsights_sitenote_active":false,"_monsterinsights_sitenote_note":"","_monsterinsights_sitenote_category":0,"site-sidebar-layout":"default","site-content-layout":"","ast-site-content-layout":"default","site-content-style":"default","site-sidebar-style":"default","ast-global-header-display":"","ast-banner-title-visibility":"","ast-main-header-display":"","ast-hfb-above-header-display":"","ast-hfb-below-header-display":"","ast-hfb-mobile-header-display":"","site-post-title":"","ast-breadcrumbs-content":"","ast-featured-img":"","footer-sml-layout":"","ast-disable-related-posts":"","theme-transparent-header-meta":"default","adv-header-id-meta":"","stick-header-meta":"","header-above-stick-meta":"","header-main-stick-meta":"","header-below-stick-meta":"","astra-migrate-meta-layouts":"set","ast-page-background-enabled":"default","ast-page-background-meta":{"desktop":{"background-color":"var(--ast-global-color-4)","background-image":"","background-repeat":"repeat","background-position":"center center","background-size":"auto","background-attachment":"scroll","background-type":"","background-media":"","overlay-type":"","overlay-color":"","overlay-opacity":"","overlay-gradient":""},"tablet":{"background-color":"","background-image":"","background-repeat":"repeat","background-position":"center center","background-size":"auto","background-attachment":"scroll","background-type":"","background-media":"","overlay-type":"","overlay-color":"","overlay-opacity":"","overlay-gradient":""},"mobile":{"background-color":"","background-image":"","background-repeat":"repeat","background-position":"center center","background-size":"auto","background-attachment":"scroll","background-type":"","background-media":"","overlay-type":"","overlay-color":"","overlay-opacity":"","overlay-gradient":""}},"ast-content-background-meta":{"desktop":{"background-color":"var(--ast-global-color-5)","background-image":"","background-repeat":"repeat","background-position":"center center","background-size":"auto","background-attachment":"scroll","background-type":"","background-media":"","overlay-type":"","overlay-color":"","overlay-opacity":"","overlay-gradient":""},"tablet":{"background-color":"var(--ast-global-color-5)","background-image":"","background-repeat":"repeat","background-position":"center center","background-size":"auto","background-attachment":"scroll","background-type":"","background-media":"","overlay-type":"","overlay-color":"","overlay-opacity":"","overlay-gradient":""},"mobile":{"background-color":"var(--ast-global-color-5)","background-image":"","background-repeat":"repeat","background-position":"center center","background-size":"auto","background-attachment":"scroll","background-type":"","background-media":"","overlay-type":"","overlay-color":"","overlay-opacity":"","overlay-gradient":""}}},"product_brand":[],"product_cat":[52],"product_tag":[],"class_list":{"0":"post-774","1":"product","2":"type-product","3":"status-publish","4":"has-post-thumbnail","6":"product_cat-bordnumre","7":"desktop-align-left","8":"tablet-align-left","9":"mobile-align-left","11":"first","12":"instock","13":"taxable","14":"shipping-taxable","15":"purchasable","16":"product-type-simple"},"aioseo_notices":[],"jetpack_sharing_enabled":true,"_links":{"self":[{"href":"https:\/\/familienkl.dk\/index.php\/wp-json\/wp\/v2\/product\/774","targetHints":{"allow":["GET"]}}],"collection":[{"href":"https:\/\/familienkl.dk\/index.php\/wp-json\/wp\/v2\/product"}],"about":[{"href":"https:\/\/familienkl.dk\/index.php\/wp-json\/wp\/v2\/types\/product"}],"wp:featuredmedia":[{"embeddable":true,"href":"https:\/\/familienkl.dk\/index.php\/wp-json\/wp\/v2\/media\/770"}],"wp:attachment":[{"href":"https:\/\/familienkl.dk\/index.php\/wp-json\/wp\/v2\/media?parent=774"}],"wp:term":[{"taxonomy":"product_brand","embeddable":true,"href":"https:\/\/familienkl.dk\/index.php\/wp-json\/wp\/v2\/product_brand?post=774"},{"taxonomy":"product_cat","embeddable":true,"href":"https:\/\/familienkl.dk\/index.php\/wp-json\/wp\/v2\/product_cat?post=774"},{"taxonomy":"product_tag","embeddable":true,"href":"https:\/\/familienkl.dk\/index.php\/wp-json\/wp\/v2\/product_tag?post=774"}],"curies":[{"name":"wp","href":"https:\/\/api.w.org\/{rel}","templated":true}]}}