{"id":758,"date":"2024-01-27T21:06:41","date_gmt":"2024-01-27T21:06:41","guid":{"rendered":"https:\/\/familienkl.dk\/?post_type=product&#038;p=758"},"modified":"2024-01-27T21:19:04","modified_gmt":"2024-01-27T21:19:04","slug":"telegram-magisk-kort","status":"publish","type":"product","link":"https:\/\/familienkl.dk\/index.php\/vare\/telegram-magisk-kort\/","title":{"rendered":"Telegram &#8211; Magisk kort"},"content":{"rendered":"<p>Giv et anderledes telegram til en modtager med hang til magi.<\/p>\n<p>Telegrammet er lavet i tr\u00e6 hvor midten kan tr\u00e6kkes ud.<\/p>\n<p>P\u00e5 forsiden gravers modtagernes navn.<\/p>\n<p>I midten graveres der en hilsen p\u00e5 forsiden som vist og p\u00e5 bagsiden kan der skrives en besked med kuglepen (Skrives der med tusch kan der v\u00e6re fare for at farven fra tuschen tr\u00e6kker lidt ud i tr\u00e6et).<\/p>\n<p>I bunden af midten kan der sk\u00e6res en slids hvori der kan placeres en pengeseddel.<\/p>\n<p>Telegrammet er lavet i tre lag birkefinner med en samlet tykkelse p\u00e5 1 cm. I lukket tilsand har kortet en h\u00f8jde p\u00e5 12 cm og en bredde p\u00e5 12 cm.<\/p>\n","protected":false},"excerpt":{"rendered":"<p>Giv et anderledes telegram til en modtager med hang til magi. Telegrammet er lavet i tr\u00e6 hvor midten kan tr\u00e6kkes ud. P\u00e5 forsiden gravers modtagernes navn. I midten graveres der en hilsen p\u00e5 forsiden som vist og p\u00e5 bagsiden kan der skrives en besked med kuglepen (Skrives der med tusch kan der v\u00e6re fare for [&hellip;]<\/p>\n","protected":false},"featured_media":745,"template":"","meta":{"om_disable_all_campaigns":false,"_monsterinsights_skip_tracking":false,"_monsterinsights_sitenote_active":false,"_monsterinsights_sitenote_note":"","_monsterinsights_sitenote_category":0,"site-sidebar-layout":"default","site-content-layout":"","ast-site-content-layout":"default","site-content-style":"default","site-sidebar-style":"default","ast-global-header-display":"","ast-banner-title-visibility":"","ast-main-header-display":"","ast-hfb-above-header-display":"","ast-hfb-below-header-display":"","ast-hfb-mobile-header-display":"","site-post-title":"","ast-breadcrumbs-content":"","ast-featured-img":"","footer-sml-layout":"","ast-disable-related-posts":"","theme-transparent-header-meta":"default","adv-header-id-meta":"","stick-header-meta":"","header-above-stick-meta":"","header-main-stick-meta":"","header-below-stick-meta":"","astra-migrate-meta-layouts":"set","ast-page-background-enabled":"default","ast-page-background-meta":{"desktop":{"background-color":"var(--ast-global-color-4)","background-image":"","background-repeat":"repeat","background-position":"center center","background-size":"auto","background-attachment":"scroll","background-type":"","background-media":"","overlay-type":"","overlay-color":"","overlay-opacity":"","overlay-gradient":""},"tablet":{"background-color":"","background-image":"","background-repeat":"repeat","background-position":"center center","background-size":"auto","background-attachment":"scroll","background-type":"","background-media":"","overlay-type":"","overlay-color":"","overlay-opacity":"","overlay-gradient":""},"mobile":{"background-color":"","background-image":"","background-repeat":"repeat","background-position":"center center","background-size":"auto","background-attachment":"scroll","background-type":"","background-media":"","overlay-type":"","overlay-color":"","overlay-opacity":"","overlay-gradient":""}},"ast-content-background-meta":{"desktop":{"background-color":"var(--ast-global-color-5)","background-image":"","background-repeat":"repeat","background-position":"center center","background-size":"auto","background-attachment":"scroll","background-type":"","background-media":"","overlay-type":"","overlay-color":"","overlay-opacity":"","overlay-gradient":""},"tablet":{"background-color":"var(--ast-global-color-5)","background-image":"","background-repeat":"repeat","background-position":"center center","background-size":"auto","background-attachment":"scroll","background-type":"","background-media":"","overlay-type":"","overlay-color":"","overlay-opacity":"","overlay-gradient":""},"mobile":{"background-color":"var(--ast-global-color-5)","background-image":"","background-repeat":"repeat","background-position":"center center","background-size":"auto","background-attachment":"scroll","background-type":"","background-media":"","overlay-type":"","overlay-color":"","overlay-opacity":"","overlay-gradient":""}}},"product_brand":[],"product_cat":[51],"product_tag":[],"class_list":{"0":"post-758","1":"product","2":"type-product","3":"status-publish","4":"has-post-thumbnail","6":"product_cat-telegrammer","7":"desktop-align-left","8":"tablet-align-left","9":"mobile-align-left","11":"first","12":"instock","13":"taxable","14":"shipping-taxable","15":"purchasable","16":"product-type-simple"},"aioseo_notices":[],"jetpack_sharing_enabled":true,"_links":{"self":[{"href":"https:\/\/familienkl.dk\/index.php\/wp-json\/wp\/v2\/product\/758","targetHints":{"allow":["GET"]}}],"collection":[{"href":"https:\/\/familienkl.dk\/index.php\/wp-json\/wp\/v2\/product"}],"about":[{"href":"https:\/\/familienkl.dk\/index.php\/wp-json\/wp\/v2\/types\/product"}],"wp:featuredmedia":[{"embeddable":true,"href":"https:\/\/familienkl.dk\/index.php\/wp-json\/wp\/v2\/media\/745"}],"wp:attachment":[{"href":"https:\/\/familienkl.dk\/index.php\/wp-json\/wp\/v2\/media?parent=758"}],"wp:term":[{"taxonomy":"product_brand","embeddable":true,"href":"https:\/\/familienkl.dk\/index.php\/wp-json\/wp\/v2\/product_brand?post=758"},{"taxonomy":"product_cat","embeddable":true,"href":"https:\/\/familienkl.dk\/index.php\/wp-json\/wp\/v2\/product_cat?post=758"},{"taxonomy":"product_tag","embeddable":true,"href":"https:\/\/familienkl.dk\/index.php\/wp-json\/wp\/v2\/product_tag?post=758"}],"curies":[{"name":"wp","href":"https:\/\/api.w.org\/{rel}","templated":true}]}}