{"id":754,"date":"2024-01-27T20:44:31","date_gmt":"2024-01-27T20:44:31","guid":{"rendered":"https:\/\/familienkl.dk\/?post_type=product&#038;p=754"},"modified":"2026-01-15T22:14:24","modified_gmt":"2026-01-15T22:14:24","slug":"bordkort-controller","status":"publish","type":"product","link":"https:\/\/familienkl.dk\/index.php\/vare\/bordkort-controller\/","title":{"rendered":"Bordkort &#8211; Controller"},"content":{"rendered":"<p>Til gameren er denne controller helt perfekt p\u00e5 festbordet.<\/p>\n<p>Bordkort er lavet med fod og giver derfor et flot finish til resten af bords oppyntning. Vil ogs\u00e5 fungere perfekt, hvis der skal v\u00e6re buffet og der dermed ikke er d\u00e6kket op med tallerkner.<\/p>\n<p>N\u00e5r du bestiller dette bordkort, skal du blot bestille det antal bordkort du skal bruge. N\u00e5r ordren er gennemf\u00f8rt sender du en email til info@familienkl.dk med listen over de navne der skal bruges til at lave bordkortene.<\/p>\n<p>Vi har som p\u00e5 vores andre varer op til 14 dages produktionstid, men hvis du er sent ude s\u00e5 skriv til os p\u00e5 info@familienkl.dk eller p\u00e5 vores instagram eller facebook side, s\u00e5 finder vi en l\u00f8sning sammen.<\/p>\n","protected":false},"excerpt":{"rendered":"<p>Til gameren er denne controller helt perfekt p\u00e5 festbordet. Bordkort er lavet med fod og giver derfor et flot finish til resten af bords oppyntning. Vil ogs\u00e5 fungere perfekt, hvis der skal v\u00e6re buffet og der dermed ikke er d\u00e6kket op med tallerkner. N\u00e5r du bestiller dette bordkort, skal du blot bestille det antal bordkort [&hellip;]<\/p>\n","protected":false},"featured_media":1472,"template":"","meta":{"om_disable_all_campaigns":false,"_monsterinsights_skip_tracking":false,"_monsterinsights_sitenote_active":false,"_monsterinsights_sitenote_note":"","_monsterinsights_sitenote_category":0,"site-sidebar-layout":"default","site-content-layout":"","ast-site-content-layout":"default","site-content-style":"default","site-sidebar-style":"default","ast-global-header-display":"","ast-banner-title-visibility":"","ast-main-header-display":"","ast-hfb-above-header-display":"","ast-hfb-below-header-display":"","ast-hfb-mobile-header-display":"","site-post-title":"","ast-breadcrumbs-content":"","ast-featured-img":"","footer-sml-layout":"","ast-disable-related-posts":"","theme-transparent-header-meta":"default","adv-header-id-meta":"","stick-header-meta":"","header-above-stick-meta":"","header-main-stick-meta":"","header-below-stick-meta":"","astra-migrate-meta-layouts":"set","ast-page-background-enabled":"default","ast-page-background-meta":{"desktop":{"background-color":"var(--ast-global-color-4)","background-image":"","background-repeat":"repeat","background-position":"center center","background-size":"auto","background-attachment":"scroll","background-type":"","background-media":"","overlay-type":"","overlay-color":"","overlay-opacity":"","overlay-gradient":""},"tablet":{"background-color":"","background-image":"","background-repeat":"repeat","background-position":"center center","background-size":"auto","background-attachment":"scroll","background-type":"","background-media":"","overlay-type":"","overlay-color":"","overlay-opacity":"","overlay-gradient":""},"mobile":{"background-color":"","background-image":"","background-repeat":"repeat","background-position":"center center","background-size":"auto","background-attachment":"scroll","background-type":"","background-media":"","overlay-type":"","overlay-color":"","overlay-opacity":"","overlay-gradient":""}},"ast-content-background-meta":{"desktop":{"background-color":"var(--ast-global-color-5)","background-image":"","background-repeat":"repeat","background-position":"center center","background-size":"auto","background-attachment":"scroll","background-type":"","background-media":"","overlay-type":"","overlay-color":"","overlay-opacity":"","overlay-gradient":""},"tablet":{"background-color":"var(--ast-global-color-5)","background-image":"","background-repeat":"repeat","background-position":"center center","background-size":"auto","background-attachment":"scroll","background-type":"","background-media":"","overlay-type":"","overlay-color":"","overlay-opacity":"","overlay-gradient":""},"mobile":{"background-color":"var(--ast-global-color-5)","background-image":"","background-repeat":"repeat","background-position":"center center","background-size":"auto","background-attachment":"scroll","background-type":"","background-media":"","overlay-type":"","overlay-color":"","overlay-opacity":"","overlay-gradient":""}}},"product_brand":[],"product_cat":[44],"product_tag":[],"class_list":{"0":"post-754","1":"product","2":"type-product","3":"status-publish","4":"has-post-thumbnail","6":"product_cat-bordkort","7":"desktop-align-left","8":"tablet-align-left","9":"mobile-align-left","11":"first","12":"instock","13":"taxable","14":"shipping-taxable","15":"purchasable","16":"product-type-simple"},"aioseo_notices":[],"jetpack_sharing_enabled":true,"_links":{"self":[{"href":"https:\/\/familienkl.dk\/index.php\/wp-json\/wp\/v2\/product\/754","targetHints":{"allow":["GET"]}}],"collection":[{"href":"https:\/\/familienkl.dk\/index.php\/wp-json\/wp\/v2\/product"}],"about":[{"href":"https:\/\/familienkl.dk\/index.php\/wp-json\/wp\/v2\/types\/product"}],"wp:featuredmedia":[{"embeddable":true,"href":"https:\/\/familienkl.dk\/index.php\/wp-json\/wp\/v2\/media\/1472"}],"wp:attachment":[{"href":"https:\/\/familienkl.dk\/index.php\/wp-json\/wp\/v2\/media?parent=754"}],"wp:term":[{"taxonomy":"product_brand","embeddable":true,"href":"https:\/\/familienkl.dk\/index.php\/wp-json\/wp\/v2\/product_brand?post=754"},{"taxonomy":"product_cat","embeddable":true,"href":"https:\/\/familienkl.dk\/index.php\/wp-json\/wp\/v2\/product_cat?post=754"},{"taxonomy":"product_tag","embeddable":true,"href":"https:\/\/familienkl.dk\/index.php\/wp-json\/wp\/v2\/product_tag?post=754"}],"curies":[{"name":"wp","href":"https:\/\/api.w.org\/{rel}","templated":true}]}}