{"id":673,"date":"2024-01-27T13:54:33","date_gmt":"2024-01-27T13:54:33","guid":{"rendered":"https:\/\/familienkl.dk\/?post_type=product&#038;p=673"},"modified":"2024-01-27T21:11:41","modified_gmt":"2024-01-27T21:11:41","slug":"bordkort-manillamaerke-med-tema","status":"publish","type":"product","link":"https:\/\/familienkl.dk\/index.php\/vare\/bordkort-manillamaerke-med-tema\/","title":{"rendered":"Bordkort &#8211; Manillam\u00e6rke med tema"},"content":{"rendered":"<p>Smukt manilam\u00e6rke med udsk\u00e5ret motiv.<\/p>\n<p>Motivet p\u00e5 m\u00e6rket kan tilpasses din fest. Skriv blot hvad hvilken figur du \u00f8nsker, s\u00e5 kontakter vi dig, s\u00e5 vi sammen kan finde det rette design.<\/p>\n<p>Bordkortet er lavet i 2 lag for at give den en flot finish.<\/p>\n<p>Navnene p\u00e5 dine bordkort noterer du i feltet inden du bestiller dine bordkort. Du kan ogs\u00e5 v\u00e6lge at sende navnene p\u00e5 mail til info@familienkl.dk, husk blot at notere dit ordrenr.<\/p>\n<p>Vi har som p\u00e5 vores andre varer op til 14 dages produktionstid, men hvis du er sent ude s\u00e5 skriv til os p\u00e5 info@familienkl.dk eller p\u00e5 vores instagram eller facebook side, s\u00e5 finder vi en l\u00f8sning sammen.<\/p>\n","protected":false},"excerpt":{"rendered":"<p>Smukt manilam\u00e6rke med udsk\u00e5ret motiv. Motivet p\u00e5 m\u00e6rket kan tilpasses din fest. Skriv blot hvad hvilken figur du \u00f8nsker, s\u00e5 kontakter vi dig, s\u00e5 vi sammen kan finde det rette design. Bordkortet er lavet i 2 lag for at give den en flot finish. Navnene p\u00e5 dine bordkort noterer du i feltet inden du bestiller [&hellip;]<\/p>\n","protected":false},"featured_media":644,"template":"","meta":{"om_disable_all_campaigns":false,"_monsterinsights_skip_tracking":false,"_monsterinsights_sitenote_active":false,"_monsterinsights_sitenote_note":"","_monsterinsights_sitenote_category":0,"site-sidebar-layout":"default","site-content-layout":"","ast-site-content-layout":"default","site-content-style":"default","site-sidebar-style":"default","ast-global-header-display":"","ast-banner-title-visibility":"","ast-main-header-display":"","ast-hfb-above-header-display":"","ast-hfb-below-header-display":"","ast-hfb-mobile-header-display":"","site-post-title":"","ast-breadcrumbs-content":"","ast-featured-img":"","footer-sml-layout":"","ast-disable-related-posts":"","theme-transparent-header-meta":"default","adv-header-id-meta":"","stick-header-meta":"","header-above-stick-meta":"","header-main-stick-meta":"","header-below-stick-meta":"","astra-migrate-meta-layouts":"set","ast-page-background-enabled":"default","ast-page-background-meta":{"desktop":{"background-color":"var(--ast-global-color-4)","background-image":"","background-repeat":"repeat","background-position":"center center","background-size":"auto","background-attachment":"scroll","background-type":"","background-media":"","overlay-type":"","overlay-color":"","overlay-opacity":"","overlay-gradient":""},"tablet":{"background-color":"","background-image":"","background-repeat":"repeat","background-position":"center center","background-size":"auto","background-attachment":"scroll","background-type":"","background-media":"","overlay-type":"","overlay-color":"","overlay-opacity":"","overlay-gradient":""},"mobile":{"background-color":"","background-image":"","background-repeat":"repeat","background-position":"center center","background-size":"auto","background-attachment":"scroll","background-type":"","background-media":"","overlay-type":"","overlay-color":"","overlay-opacity":"","overlay-gradient":""}},"ast-content-background-meta":{"desktop":{"background-color":"var(--ast-global-color-5)","background-image":"","background-repeat":"repeat","background-position":"center center","background-size":"auto","background-attachment":"scroll","background-type":"","background-media":"","overlay-type":"","overlay-color":"","overlay-opacity":"","overlay-gradient":""},"tablet":{"background-color":"var(--ast-global-color-5)","background-image":"","background-repeat":"repeat","background-position":"center center","background-size":"auto","background-attachment":"scroll","background-type":"","background-media":"","overlay-type":"","overlay-color":"","overlay-opacity":"","overlay-gradient":""},"mobile":{"background-color":"var(--ast-global-color-5)","background-image":"","background-repeat":"repeat","background-position":"center center","background-size":"auto","background-attachment":"scroll","background-type":"","background-media":"","overlay-type":"","overlay-color":"","overlay-opacity":"","overlay-gradient":""}}},"product_brand":[],"product_cat":[44],"product_tag":[],"class_list":{"0":"post-673","1":"product","2":"type-product","3":"status-publish","4":"has-post-thumbnail","6":"product_cat-bordkort","7":"desktop-align-left","8":"tablet-align-left","9":"mobile-align-left","11":"first","12":"instock","13":"taxable","14":"shipping-taxable","15":"purchasable","16":"product-type-simple"},"aioseo_notices":[],"jetpack_sharing_enabled":true,"_links":{"self":[{"href":"https:\/\/familienkl.dk\/index.php\/wp-json\/wp\/v2\/product\/673","targetHints":{"allow":["GET"]}}],"collection":[{"href":"https:\/\/familienkl.dk\/index.php\/wp-json\/wp\/v2\/product"}],"about":[{"href":"https:\/\/familienkl.dk\/index.php\/wp-json\/wp\/v2\/types\/product"}],"wp:featuredmedia":[{"embeddable":true,"href":"https:\/\/familienkl.dk\/index.php\/wp-json\/wp\/v2\/media\/644"}],"wp:attachment":[{"href":"https:\/\/familienkl.dk\/index.php\/wp-json\/wp\/v2\/media?parent=673"}],"wp:term":[{"taxonomy":"product_brand","embeddable":true,"href":"https:\/\/familienkl.dk\/index.php\/wp-json\/wp\/v2\/product_brand?post=673"},{"taxonomy":"product_cat","embeddable":true,"href":"https:\/\/familienkl.dk\/index.php\/wp-json\/wp\/v2\/product_cat?post=673"},{"taxonomy":"product_tag","embeddable":true,"href":"https:\/\/familienkl.dk\/index.php\/wp-json\/wp\/v2\/product_tag?post=673"}],"curies":[{"name":"wp","href":"https:\/\/api.w.org\/{rel}","templated":true}]}}