{"id":392,"date":"2023-11-08T22:21:32","date_gmt":"2023-11-08T22:21:32","guid":{"rendered":"http:\/\/46.4.121.70\/~familie6\/?post_type=product&#038;p=392"},"modified":"2024-10-09T14:26:05","modified_gmt":"2024-10-09T14:26:05","slug":"hjerte-til-aeresport-efteraarsblade","status":"publish","type":"product","link":"https:\/\/familienkl.dk\/index.php\/vare\/hjerte-til-aeresport-efteraarsblade\/","title":{"rendered":"Hjerte til \u00e6resport &#8211; Efter\u00e5rsblade"},"content":{"rendered":"<div class=\"toggle-content t-panel-clean m-product-additional-info-content\">\n<div id=\"tabs-pane1\" class=\"pane active m-product-additional-info description clearfix\">\n<div class=\"ck-content\" data-controller=\"description\">\n<p>\u00c6resport hjertet med efter\u00e5rsblade der passer til alle efter\u00e5rets bryllupper. Det smukke \u00e6resport hjerte s\u00e6tter prikken over i&#8217;et p\u00e5 \u00e6resporten og giver brudeparret et ekstra minde fra den store dag.<\/p>\n<p>Hjertet er sk\u00e5ret i to lag birkefiner, hvor det nederste er behandlet med m\u00f8rk olie for at give kontrasten. Dette betyder, at begge lag fremh\u00e6ver \u00e5rerne i tr\u00e6et samtidig med at bogstaver og detaljer st\u00e5r tydeligt frem. Hjertet har m\u00e5lene 28,5 x 33 cm.<\/p>\n<p>N\u00e5r du bestiler skal du huske at indtaste navne og dato, samt v\u00e6lge hvilken tekst der skal st\u00e5 i midten.<\/p>\n<p>\u00d8nsker du en anden tekst end de muligheder vi har opstillet i menuen, s\u00e5 v\u00e6lg fritekst og indtast den i feltet for neden. Husk dog ikke at lave for mange tegn da det kan blive for sm\u00e5t.<\/p>\n<p>Find flere modeller <a href=\"https:\/\/familienkl.dk\/index.php\/vare-kategori\/hjerter\/\">her.<\/a> Finder du ikke lige det hjerte du leder efter, s\u00e5 send gerne en mail. Sammen finder vi det bedste resultat.<\/p>\n<\/div>\n<\/div>\n<\/div>\n","protected":false},"excerpt":{"rendered":"<p>Smuk \u00e6resport hjerte med efter\u00e5rsblade, der vil pynte p\u00e5 enhver \u00e6resport til efter\u00e5rets fester. Find den og alle andre modeller p\u00e5 familien.dk<\/p>\n","protected":false},"featured_media":386,"template":"","meta":{"om_disable_all_campaigns":false,"_monsterinsights_skip_tracking":false,"_monsterinsights_sitenote_active":false,"_monsterinsights_sitenote_note":"","_monsterinsights_sitenote_category":0,"site-sidebar-layout":"default","site-content-layout":"","ast-site-content-layout":"default","site-content-style":"default","site-sidebar-style":"default","ast-global-header-display":"","ast-banner-title-visibility":"","ast-main-header-display":"","ast-hfb-above-header-display":"","ast-hfb-below-header-display":"","ast-hfb-mobile-header-display":"","site-post-title":"","ast-breadcrumbs-content":"","ast-featured-img":"","footer-sml-layout":"","ast-disable-related-posts":"","theme-transparent-header-meta":"default","adv-header-id-meta":"","stick-header-meta":"","header-above-stick-meta":"","header-main-stick-meta":"","header-below-stick-meta":"","astra-migrate-meta-layouts":"set","ast-page-background-enabled":"default","ast-page-background-meta":{"desktop":{"background-color":"var(--ast-global-color-4)","background-image":"","background-repeat":"repeat","background-position":"center center","background-size":"auto","background-attachment":"scroll","background-type":"","background-media":"","overlay-type":"","overlay-color":"","overlay-opacity":"","overlay-gradient":""},"tablet":{"background-color":"","background-image":"","background-repeat":"repeat","background-position":"center center","background-size":"auto","background-attachment":"scroll","background-type":"","background-media":"","overlay-type":"","overlay-color":"","overlay-opacity":"","overlay-gradient":""},"mobile":{"background-color":"","background-image":"","background-repeat":"repeat","background-position":"center center","background-size":"auto","background-attachment":"scroll","background-type":"","background-media":"","overlay-type":"","overlay-color":"","overlay-opacity":"","overlay-gradient":""}},"ast-content-background-meta":{"desktop":{"background-color":"var(--ast-global-color-5)","background-image":"","background-repeat":"repeat","background-position":"center center","background-size":"auto","background-attachment":"scroll","background-type":"","background-media":"","overlay-type":"","overlay-color":"","overlay-opacity":"","overlay-gradient":""},"tablet":{"background-color":"var(--ast-global-color-5)","background-image":"","background-repeat":"repeat","background-position":"center center","background-size":"auto","background-attachment":"scroll","background-type":"","background-media":"","overlay-type":"","overlay-color":"","overlay-opacity":"","overlay-gradient":""},"mobile":{"background-color":"var(--ast-global-color-5)","background-image":"","background-repeat":"repeat","background-position":"center center","background-size":"auto","background-attachment":"scroll","background-type":"","background-media":"","overlay-type":"","overlay-color":"","overlay-opacity":"","overlay-gradient":""}}},"product_brand":[],"product_cat":[43],"product_tag":[],"class_list":{"0":"post-392","1":"product","2":"type-product","3":"status-publish","4":"has-post-thumbnail","6":"product_cat-hjerter","7":"desktop-align-left","8":"tablet-align-left","9":"mobile-align-left","11":"first","12":"instock","13":"taxable","14":"shipping-taxable","15":"purchasable","16":"product-type-simple"},"aioseo_notices":[],"jetpack_sharing_enabled":true,"_links":{"self":[{"href":"https:\/\/familienkl.dk\/index.php\/wp-json\/wp\/v2\/product\/392","targetHints":{"allow":["GET"]}}],"collection":[{"href":"https:\/\/familienkl.dk\/index.php\/wp-json\/wp\/v2\/product"}],"about":[{"href":"https:\/\/familienkl.dk\/index.php\/wp-json\/wp\/v2\/types\/product"}],"wp:featuredmedia":[{"embeddable":true,"href":"https:\/\/familienkl.dk\/index.php\/wp-json\/wp\/v2\/media\/386"}],"wp:attachment":[{"href":"https:\/\/familienkl.dk\/index.php\/wp-json\/wp\/v2\/media?parent=392"}],"wp:term":[{"taxonomy":"product_brand","embeddable":true,"href":"https:\/\/familienkl.dk\/index.php\/wp-json\/wp\/v2\/product_brand?post=392"},{"taxonomy":"product_cat","embeddable":true,"href":"https:\/\/familienkl.dk\/index.php\/wp-json\/wp\/v2\/product_cat?post=392"},{"taxonomy":"product_tag","embeddable":true,"href":"https:\/\/familienkl.dk\/index.php\/wp-json\/wp\/v2\/product_tag?post=392"}],"curies":[{"name":"wp","href":"https:\/\/api.w.org\/{rel}","templated":true}]}}