{"id":166,"date":"2023-11-05T16:53:42","date_gmt":"2023-11-05T16:53:42","guid":{"rendered":"http:\/\/46.4.121.70\/~familie6\/?post_type=product&#038;p=166"},"modified":"2023-11-05T16:55:07","modified_gmt":"2023-11-05T16:55:07","slug":"paaskeaeg-med-navn-kylling","status":"publish","type":"product","link":"https:\/\/familienkl.dk\/index.php\/vare\/paaskeaeg-med-navn-kylling\/","title":{"rendered":"P\u00e5ske\u00e6g med navn &#8211; Kylling"},"content":{"rendered":"<div class=\"toggle-content t-panel-clean m-product-additional-info-content\">\n<div id=\"tabs-pane1\" class=\"pane active m-product-additional-info description clearfix\">\n<div class=\"ck-content\" data-controller=\"description\">\n<p>Vores stilrene p\u00e5ske\u00e6g i tr\u00e6, er klar til at h\u00e6nge p\u00e5 en for\u00e5rsgren eller i vindueskarmen, hvor de vil skabe et flot blikfang, som dine g\u00e6ster vil bem\u00e6rke.<\/p>\n<p>Det stilrene design, g\u00f8r at p\u00e5skepyntet kan bruges \u00e5r efter \u00e5r.<\/p>\n<p>P\u00e5ske\u00e6gget er til oph\u00e6ng, leder du efter p\u00e5skepynt, der kan st\u00e5 p\u00e5 p\u00e5skebordet, kan du se vores <a href=\"https:\/\/familienkl.dk\/index.php\/vare-kategori\/hoejtider\/paaskepynt\/paaskeaegpaafod\/\"><u>p\u00e5ske\u00e6g p\u00e5 fod<\/u><\/a><\/p>\n<\/div>\n<\/div>\n<\/div>\n","protected":false},"excerpt":{"rendered":"<p>Vores stilrene p\u00e5ske\u00e6g i tr\u00e6, er klar til at h\u00e6nge p\u00e5 en for\u00e5rsgren eller i vindueskarmen, hvor de vil skabe et flot blikfang, som dine g\u00e6ster vil bem\u00e6rke. Det stilrene design, g\u00f8r at p\u00e5skepyntet kan bruges \u00e5r efter \u00e5r. P\u00e5ske\u00e6gget er til oph\u00e6ng, leder du efter p\u00e5skepynt, der kan st\u00e5 p\u00e5 p\u00e5skebordet, kan du se [&hellip;]<\/p>\n","protected":false},"featured_media":120,"template":"","meta":{"om_disable_all_campaigns":false,"_monsterinsights_skip_tracking":false,"_monsterinsights_sitenote_active":false,"_monsterinsights_sitenote_note":"","_monsterinsights_sitenote_category":0,"site-sidebar-layout":"default","site-content-layout":"","ast-site-content-layout":"default","site-content-style":"default","site-sidebar-style":"default","ast-global-header-display":"","ast-banner-title-visibility":"","ast-main-header-display":"","ast-hfb-above-header-display":"","ast-hfb-below-header-display":"","ast-hfb-mobile-header-display":"","site-post-title":"","ast-breadcrumbs-content":"","ast-featured-img":"","footer-sml-layout":"","ast-disable-related-posts":"","theme-transparent-header-meta":"default","adv-header-id-meta":"","stick-header-meta":"","header-above-stick-meta":"","header-main-stick-meta":"","header-below-stick-meta":"","astra-migrate-meta-layouts":"set","ast-page-background-enabled":"default","ast-page-background-meta":{"desktop":{"background-color":"var(--ast-global-color-4)","background-image":"","background-repeat":"repeat","background-position":"center center","background-size":"auto","background-attachment":"scroll","background-type":"","background-media":"","overlay-type":"","overlay-color":"","overlay-opacity":"","overlay-gradient":""},"tablet":{"background-color":"","background-image":"","background-repeat":"repeat","background-position":"center center","background-size":"auto","background-attachment":"scroll","background-type":"","background-media":"","overlay-type":"","overlay-color":"","overlay-opacity":"","overlay-gradient":""},"mobile":{"background-color":"","background-image":"","background-repeat":"repeat","background-position":"center center","background-size":"auto","background-attachment":"scroll","background-type":"","background-media":"","overlay-type":"","overlay-color":"","overlay-opacity":"","overlay-gradient":""}},"ast-content-background-meta":{"desktop":{"background-color":"var(--ast-global-color-5)","background-image":"","background-repeat":"repeat","background-position":"center center","background-size":"auto","background-attachment":"scroll","background-type":"","background-media":"","overlay-type":"","overlay-color":"","overlay-opacity":"","overlay-gradient":""},"tablet":{"background-color":"var(--ast-global-color-5)","background-image":"","background-repeat":"repeat","background-position":"center center","background-size":"auto","background-attachment":"scroll","background-type":"","background-media":"","overlay-type":"","overlay-color":"","overlay-opacity":"","overlay-gradient":""},"mobile":{"background-color":"var(--ast-global-color-5)","background-image":"","background-repeat":"repeat","background-position":"center center","background-size":"auto","background-attachment":"scroll","background-type":"","background-media":"","overlay-type":"","overlay-color":"","overlay-opacity":"","overlay-gradient":""}}},"product_brand":[],"product_cat":[26],"product_tag":[],"class_list":{"0":"post-166","1":"product","2":"type-product","3":"status-publish","4":"has-post-thumbnail","6":"product_cat-haengendepaaskeaeg","7":"desktop-align-left","8":"tablet-align-left","9":"mobile-align-left","11":"first","12":"instock","13":"taxable","14":"shipping-taxable","15":"purchasable","16":"product-type-simple"},"aioseo_notices":[],"jetpack_sharing_enabled":true,"_links":{"self":[{"href":"https:\/\/familienkl.dk\/index.php\/wp-json\/wp\/v2\/product\/166","targetHints":{"allow":["GET"]}}],"collection":[{"href":"https:\/\/familienkl.dk\/index.php\/wp-json\/wp\/v2\/product"}],"about":[{"href":"https:\/\/familienkl.dk\/index.php\/wp-json\/wp\/v2\/types\/product"}],"wp:featuredmedia":[{"embeddable":true,"href":"https:\/\/familienkl.dk\/index.php\/wp-json\/wp\/v2\/media\/120"}],"wp:attachment":[{"href":"https:\/\/familienkl.dk\/index.php\/wp-json\/wp\/v2\/media?parent=166"}],"wp:term":[{"taxonomy":"product_brand","embeddable":true,"href":"https:\/\/familienkl.dk\/index.php\/wp-json\/wp\/v2\/product_brand?post=166"},{"taxonomy":"product_cat","embeddable":true,"href":"https:\/\/familienkl.dk\/index.php\/wp-json\/wp\/v2\/product_cat?post=166"},{"taxonomy":"product_tag","embeddable":true,"href":"https:\/\/familienkl.dk\/index.php\/wp-json\/wp\/v2\/product_tag?post=166"}],"curies":[{"name":"wp","href":"https:\/\/api.w.org\/{rel}","templated":true}]}}