{"id":1548,"date":"2026-03-02T16:43:44","date_gmt":"2026-03-02T16:43:44","guid":{"rendered":"https:\/\/familienkl.dk\/?post_type=product&#038;p=1548"},"modified":"2026-03-02T16:47:22","modified_gmt":"2026-03-02T16:47:22","slug":"gavekort-puslespil","status":"publish","type":"product","link":"https:\/\/familienkl.dk\/index.php\/vare\/gavekort-puslespil\/","title":{"rendered":"Gavekort &#8211; Puslespil"},"content":{"rendered":"<p>Skal du give en gave eller et tilskud til en gave og \u00f8nsker du at modtageren skal beholde sp\u00e6ndingen lidt l\u00e6ngere?<\/p>\n<p>S\u00e5 kan du med dette puslespilsgavekort i tr\u00e6 gl\u00e6de modtageren med en repr\u00e6sentation af gaven de vil kunne gemme i mange \u00e5r.<\/p>\n<p>Du v\u00e6lger selv teksten p\u00e5 gavekortet og vi laver en illustration der passer til gaven.<\/p>\n<p>Hvis du \u00f8nsker at modtage et udkast inden vi producere varen s\u00e5 krydser du blot dette af inden du l\u00e6gger varen i kurven. Vi sender udkastet til den mail du bruger ved bestilling.<\/p>\n<p>Gavekortet er graveret i 3 mm birkefinner og har en bredde p\u00e5 20 cm og en h\u00f8jde p\u00e5 20 cm, puslespillet har 48 brikker.<\/p>\n","protected":false},"excerpt":{"rendered":"<p>Skal du give en gave eller et tilskud til en gave og \u00f8nsker du at modtageren skal beholde sp\u00e6ndingen lidt l\u00e6ngere? S\u00e5 kan du med dette puslespilsgavekort i tr\u00e6 gl\u00e6de modtageren med en repr\u00e6sentation af gaven de vil kunne gemme i mange \u00e5r. Du v\u00e6lger selv teksten p\u00e5 gavekortet og vi laver en illustration der [&hellip;]<\/p>\n","protected":false},"featured_media":1547,"template":"","meta":{"om_disable_all_campaigns":false,"_monsterinsights_skip_tracking":false,"_monsterinsights_sitenote_active":false,"_monsterinsights_sitenote_note":"","_monsterinsights_sitenote_category":0,"site-sidebar-layout":"default","site-content-layout":"","ast-site-content-layout":"default","site-content-style":"default","site-sidebar-style":"default","ast-global-header-display":"","ast-banner-title-visibility":"","ast-main-header-display":"","ast-hfb-above-header-display":"","ast-hfb-below-header-display":"","ast-hfb-mobile-header-display":"","site-post-title":"","ast-breadcrumbs-content":"","ast-featured-img":"","footer-sml-layout":"","ast-disable-related-posts":"","theme-transparent-header-meta":"default","adv-header-id-meta":"","stick-header-meta":"","header-above-stick-meta":"","header-main-stick-meta":"","header-below-stick-meta":"","astra-migrate-meta-layouts":"set","ast-page-background-enabled":"default","ast-page-background-meta":{"desktop":{"background-color":"var(--ast-global-color-4)","background-image":"","background-repeat":"repeat","background-position":"center center","background-size":"auto","background-attachment":"scroll","background-type":"","background-media":"","overlay-type":"","overlay-color":"","overlay-opacity":"","overlay-gradient":""},"tablet":{"background-color":"","background-image":"","background-repeat":"repeat","background-position":"center center","background-size":"auto","background-attachment":"scroll","background-type":"","background-media":"","overlay-type":"","overlay-color":"","overlay-opacity":"","overlay-gradient":""},"mobile":{"background-color":"","background-image":"","background-repeat":"repeat","background-position":"center center","background-size":"auto","background-attachment":"scroll","background-type":"","background-media":"","overlay-type":"","overlay-color":"","overlay-opacity":"","overlay-gradient":""}},"ast-content-background-meta":{"desktop":{"background-color":"var(--ast-global-color-5)","background-image":"","background-repeat":"repeat","background-position":"center center","background-size":"auto","background-attachment":"scroll","background-type":"","background-media":"","overlay-type":"","overlay-color":"","overlay-opacity":"","overlay-gradient":""},"tablet":{"background-color":"var(--ast-global-color-5)","background-image":"","background-repeat":"repeat","background-position":"center center","background-size":"auto","background-attachment":"scroll","background-type":"","background-media":"","overlay-type":"","overlay-color":"","overlay-opacity":"","overlay-gradient":""},"mobile":{"background-color":"var(--ast-global-color-5)","background-image":"","background-repeat":"repeat","background-position":"center center","background-size":"auto","background-attachment":"scroll","background-type":"","background-media":"","overlay-type":"","overlay-color":"","overlay-opacity":"","overlay-gradient":""}}},"product_brand":[],"product_cat":[64],"product_tag":[],"class_list":{"0":"post-1548","1":"product","2":"type-product","3":"status-publish","4":"has-post-thumbnail","6":"product_cat-gavekort","7":"desktop-align-left","8":"tablet-align-left","9":"mobile-align-left","11":"first","12":"instock","13":"taxable","14":"shipping-taxable","15":"purchasable","16":"product-type-simple"},"aioseo_notices":[],"jetpack_sharing_enabled":true,"_links":{"self":[{"href":"https:\/\/familienkl.dk\/index.php\/wp-json\/wp\/v2\/product\/1548","targetHints":{"allow":["GET"]}}],"collection":[{"href":"https:\/\/familienkl.dk\/index.php\/wp-json\/wp\/v2\/product"}],"about":[{"href":"https:\/\/familienkl.dk\/index.php\/wp-json\/wp\/v2\/types\/product"}],"wp:featuredmedia":[{"embeddable":true,"href":"https:\/\/familienkl.dk\/index.php\/wp-json\/wp\/v2\/media\/1547"}],"wp:attachment":[{"href":"https:\/\/familienkl.dk\/index.php\/wp-json\/wp\/v2\/media?parent=1548"}],"wp:term":[{"taxonomy":"product_brand","embeddable":true,"href":"https:\/\/familienkl.dk\/index.php\/wp-json\/wp\/v2\/product_brand?post=1548"},{"taxonomy":"product_cat","embeddable":true,"href":"https:\/\/familienkl.dk\/index.php\/wp-json\/wp\/v2\/product_cat?post=1548"},{"taxonomy":"product_tag","embeddable":true,"href":"https:\/\/familienkl.dk\/index.php\/wp-json\/wp\/v2\/product_tag?post=1548"}],"curies":[{"name":"wp","href":"https:\/\/api.w.org\/{rel}","templated":true}]}}