{"id":147,"date":"2023-11-05T12:38:12","date_gmt":"2023-11-05T12:38:12","guid":{"rendered":"http:\/\/46.4.121.70\/~familie6\/?post_type=product&#038;p=147"},"modified":"2023-11-05T12:38:12","modified_gmt":"2023-11-05T12:38:12","slug":"paaskeaeg-paa-fod-vintergaek-stor","status":"publish","type":"product","link":"https:\/\/familienkl.dk\/index.php\/vare\/paaskeaeg-paa-fod-vintergaek-stor\/","title":{"rendered":"P\u00e5ske\u00e6g p\u00e5 fod &#8211; Vinterg\u00e6k stor"},"content":{"rendered":"<p>Pynt op til p\u00e5ske med vores stilrene p\u00e5ske\u00e6g i tr\u00e6. P\u00e5ske\u00e6gget st\u00e5r p\u00e5 en fod og vil kunne give blikfang p\u00e5 et flot d\u00e6kket p\u00e5skebord.<\/p>\n<p>Det stilrene design, g\u00f8r at du kan bruge p\u00e5ske\u00e6gget \u00e5r efter \u00e5r.<\/p>\n<p>Leder du efter et p\u00e5ske\u00e6g til at h\u00e6nge op, <u><a href=\"https:\/\/familienkl.dk\/shop\/18-haengende-paaskeaeg\/\">se vores udvalg her<\/a><\/u><\/p>\n","protected":false},"excerpt":{"rendered":"<p>Pynt op til p\u00e5ske med vores stilrene p\u00e5ske\u00e6g i tr\u00e6. P\u00e5ske\u00e6gget st\u00e5r p\u00e5 en fod og vil kunne give blikfang p\u00e5 et flot d\u00e6kket p\u00e5skebord. Det stilrene design, g\u00f8r at du kan bruge p\u00e5ske\u00e6gget \u00e5r efter \u00e5r. Leder du efter et p\u00e5ske\u00e6g til at h\u00e6nge op, se vores udvalg her<\/p>\n","protected":false},"featured_media":138,"template":"","meta":{"om_disable_all_campaigns":false,"_monsterinsights_skip_tracking":false,"_monsterinsights_sitenote_active":false,"_monsterinsights_sitenote_note":"","_monsterinsights_sitenote_category":0,"site-sidebar-layout":"default","site-content-layout":"","ast-site-content-layout":"default","site-content-style":"default","site-sidebar-style":"default","ast-global-header-display":"","ast-banner-title-visibility":"","ast-main-header-display":"","ast-hfb-above-header-display":"","ast-hfb-below-header-display":"","ast-hfb-mobile-header-display":"","site-post-title":"","ast-breadcrumbs-content":"","ast-featured-img":"","footer-sml-layout":"","ast-disable-related-posts":"","theme-transparent-header-meta":"default","adv-header-id-meta":"","stick-header-meta":"","header-above-stick-meta":"","header-main-stick-meta":"","header-below-stick-meta":"","astra-migrate-meta-layouts":"set","ast-page-background-enabled":"default","ast-page-background-meta":{"desktop":{"background-color":"var(--ast-global-color-4)","background-image":"","background-repeat":"repeat","background-position":"center center","background-size":"auto","background-attachment":"scroll","background-type":"","background-media":"","overlay-type":"","overlay-color":"","overlay-opacity":"","overlay-gradient":""},"tablet":{"background-color":"","background-image":"","background-repeat":"repeat","background-position":"center center","background-size":"auto","background-attachment":"scroll","background-type":"","background-media":"","overlay-type":"","overlay-color":"","overlay-opacity":"","overlay-gradient":""},"mobile":{"background-color":"","background-image":"","background-repeat":"repeat","background-position":"center center","background-size":"auto","background-attachment":"scroll","background-type":"","background-media":"","overlay-type":"","overlay-color":"","overlay-opacity":"","overlay-gradient":""}},"ast-content-background-meta":{"desktop":{"background-color":"var(--ast-global-color-5)","background-image":"","background-repeat":"repeat","background-position":"center center","background-size":"auto","background-attachment":"scroll","background-type":"","background-media":"","overlay-type":"","overlay-color":"","overlay-opacity":"","overlay-gradient":""},"tablet":{"background-color":"var(--ast-global-color-5)","background-image":"","background-repeat":"repeat","background-position":"center center","background-size":"auto","background-attachment":"scroll","background-type":"","background-media":"","overlay-type":"","overlay-color":"","overlay-opacity":"","overlay-gradient":""},"mobile":{"background-color":"var(--ast-global-color-5)","background-image":"","background-repeat":"repeat","background-position":"center center","background-size":"auto","background-attachment":"scroll","background-type":"","background-media":"","overlay-type":"","overlay-color":"","overlay-opacity":"","overlay-gradient":""}}},"product_brand":[],"product_cat":[27],"product_tag":[],"class_list":{"0":"post-147","1":"product","2":"type-product","3":"status-publish","4":"has-post-thumbnail","6":"product_cat-paaskeaegpaafod","7":"desktop-align-left","8":"tablet-align-left","9":"mobile-align-left","11":"first","12":"instock","13":"taxable","14":"shipping-taxable","15":"purchasable","16":"product-type-simple"},"aioseo_notices":[],"jetpack_sharing_enabled":true,"_links":{"self":[{"href":"https:\/\/familienkl.dk\/index.php\/wp-json\/wp\/v2\/product\/147","targetHints":{"allow":["GET"]}}],"collection":[{"href":"https:\/\/familienkl.dk\/index.php\/wp-json\/wp\/v2\/product"}],"about":[{"href":"https:\/\/familienkl.dk\/index.php\/wp-json\/wp\/v2\/types\/product"}],"wp:featuredmedia":[{"embeddable":true,"href":"https:\/\/familienkl.dk\/index.php\/wp-json\/wp\/v2\/media\/138"}],"wp:attachment":[{"href":"https:\/\/familienkl.dk\/index.php\/wp-json\/wp\/v2\/media?parent=147"}],"wp:term":[{"taxonomy":"product_brand","embeddable":true,"href":"https:\/\/familienkl.dk\/index.php\/wp-json\/wp\/v2\/product_brand?post=147"},{"taxonomy":"product_cat","embeddable":true,"href":"https:\/\/familienkl.dk\/index.php\/wp-json\/wp\/v2\/product_cat?post=147"},{"taxonomy":"product_tag","embeddable":true,"href":"https:\/\/familienkl.dk\/index.php\/wp-json\/wp\/v2\/product_tag?post=147"}],"curies":[{"name":"wp","href":"https:\/\/api.w.org\/{rel}","templated":true}]}}