{"id":1461,"date":"2026-01-15T21:00:54","date_gmt":"2026-01-15T21:00:54","guid":{"rendered":"https:\/\/familienkl.dk\/?post_type=product&#038;p=1461"},"modified":"2026-01-31T13:26:32","modified_gmt":"2026-01-31T13:26:32","slug":"bordkort-haengende-paa-glas","status":"publish","type":"product","link":"https:\/\/familienkl.dk\/index.php\/vare\/bordkort-haengende-paa-glas\/","title":{"rendered":"Bordkort &#8211; H\u00e6ngende p\u00e5 glas"},"content":{"rendered":"<p>Fine bordkort til at h\u00e6nge p\u00e5 glas &#8211; praktiske hvis du skal have buffet og der derfor ikke d\u00e6kkes op med tallerkner p\u00e5 bordet.<\/p>\n<p>N\u00e5r du bestiller dette bordkort, skal du blot bestille det antal bordkort du skal bruge. N\u00e5r du har gennemf\u00f8rt din ordre sender du en email til info@familienkl.dk med listen over de navne der skal bruges til at lave bordkortene.<\/p>\n<p>Bordkortet er her lavet i birkefiner, men kan ogs\u00e5 laves i akryl, send os en mail p\u00e5 info@familienkl.dk, s\u00e5 finder vi sammen den rigtige l\u00f8sning til din fest.<\/p>\n<p>Ligeledes sender du os en mail, hvis du skal bruge bordkortene inden for 14 dage, som er vores normale produktionstid.<\/p>\n","protected":false},"excerpt":{"rendered":"<p>Fine bordkort til at h\u00e6nge p\u00e5 glas &#8211; praktiske hvis du skal have buffet og der derfor ikke d\u00e6kkes op med tallerkner p\u00e5 bordet. N\u00e5r du bestiller dette bordkort, skal du blot bestille det antal bordkort du skal bruge. N\u00e5r du har gennemf\u00f8rt din ordre sender du en email til info@familienkl.dk med listen over de [&hellip;]<\/p>\n","protected":false},"featured_media":1453,"template":"","meta":{"om_disable_all_campaigns":false,"_monsterinsights_skip_tracking":false,"_monsterinsights_sitenote_active":false,"_monsterinsights_sitenote_note":"","_monsterinsights_sitenote_category":0,"site-sidebar-layout":"default","site-content-layout":"","ast-site-content-layout":"default","site-content-style":"default","site-sidebar-style":"default","ast-global-header-display":"","ast-banner-title-visibility":"","ast-main-header-display":"","ast-hfb-above-header-display":"","ast-hfb-below-header-display":"","ast-hfb-mobile-header-display":"","site-post-title":"","ast-breadcrumbs-content":"","ast-featured-img":"","footer-sml-layout":"","ast-disable-related-posts":"","theme-transparent-header-meta":"default","adv-header-id-meta":"","stick-header-meta":"","header-above-stick-meta":"","header-main-stick-meta":"","header-below-stick-meta":"","astra-migrate-meta-layouts":"set","ast-page-background-enabled":"default","ast-page-background-meta":{"desktop":{"background-color":"var(--ast-global-color-4)","background-image":"","background-repeat":"repeat","background-position":"center center","background-size":"auto","background-attachment":"scroll","background-type":"","background-media":"","overlay-type":"","overlay-color":"","overlay-opacity":"","overlay-gradient":""},"tablet":{"background-color":"","background-image":"","background-repeat":"repeat","background-position":"center center","background-size":"auto","background-attachment":"scroll","background-type":"","background-media":"","overlay-type":"","overlay-color":"","overlay-opacity":"","overlay-gradient":""},"mobile":{"background-color":"","background-image":"","background-repeat":"repeat","background-position":"center center","background-size":"auto","background-attachment":"scroll","background-type":"","background-media":"","overlay-type":"","overlay-color":"","overlay-opacity":"","overlay-gradient":""}},"ast-content-background-meta":{"desktop":{"background-color":"var(--ast-global-color-5)","background-image":"","background-repeat":"repeat","background-position":"center center","background-size":"auto","background-attachment":"scroll","background-type":"","background-media":"","overlay-type":"","overlay-color":"","overlay-opacity":"","overlay-gradient":""},"tablet":{"background-color":"var(--ast-global-color-5)","background-image":"","background-repeat":"repeat","background-position":"center center","background-size":"auto","background-attachment":"scroll","background-type":"","background-media":"","overlay-type":"","overlay-color":"","overlay-opacity":"","overlay-gradient":""},"mobile":{"background-color":"var(--ast-global-color-5)","background-image":"","background-repeat":"repeat","background-position":"center center","background-size":"auto","background-attachment":"scroll","background-type":"","background-media":"","overlay-type":"","overlay-color":"","overlay-opacity":"","overlay-gradient":""}}},"product_brand":[],"product_cat":[44,67],"product_tag":[],"class_list":{"0":"post-1461","1":"product","2":"type-product","3":"status-publish","4":"has-post-thumbnail","6":"product_cat-bordkort","7":"product_cat-standardbordkort","8":"desktop-align-left","9":"tablet-align-left","10":"mobile-align-left","12":"first","13":"instock","14":"taxable","15":"shipping-taxable","16":"purchasable","17":"product-type-simple"},"aioseo_notices":[],"jetpack_sharing_enabled":true,"_links":{"self":[{"href":"https:\/\/familienkl.dk\/index.php\/wp-json\/wp\/v2\/product\/1461","targetHints":{"allow":["GET"]}}],"collection":[{"href":"https:\/\/familienkl.dk\/index.php\/wp-json\/wp\/v2\/product"}],"about":[{"href":"https:\/\/familienkl.dk\/index.php\/wp-json\/wp\/v2\/types\/product"}],"wp:featuredmedia":[{"embeddable":true,"href":"https:\/\/familienkl.dk\/index.php\/wp-json\/wp\/v2\/media\/1453"}],"wp:attachment":[{"href":"https:\/\/familienkl.dk\/index.php\/wp-json\/wp\/v2\/media?parent=1461"}],"wp:term":[{"taxonomy":"product_brand","embeddable":true,"href":"https:\/\/familienkl.dk\/index.php\/wp-json\/wp\/v2\/product_brand?post=1461"},{"taxonomy":"product_cat","embeddable":true,"href":"https:\/\/familienkl.dk\/index.php\/wp-json\/wp\/v2\/product_cat?post=1461"},{"taxonomy":"product_tag","embeddable":true,"href":"https:\/\/familienkl.dk\/index.php\/wp-json\/wp\/v2\/product_tag?post=1461"}],"curies":[{"name":"wp","href":"https:\/\/api.w.org\/{rel}","templated":true}]}}